{"id":24,"date":"2025-03-14T08:46:19","date_gmt":"2025-03-14T08:46:19","guid":{"rendered":"https:\/\/miira.rkinformatika.online\/?page_id=24"},"modified":"2025-03-17T10:40:12","modified_gmt":"2025-03-17T10:40:12","slug":"servicios","status":"publish","type":"page","link":"https:\/\/miira.es\/eu\/servicios\/","title":{"rendered":"Zerbitzuak"},"content":{"rendered":"<div data-elementor-type=\"wp-page\" data-elementor-id=\"24\" class=\"elementor elementor-24\" data-elementor-post-type=\"page\">\n\t\t\t\t<div class=\"elementor-element elementor-element-41a7541 e-flex e-con-boxed e-con e-parent\" data-id=\"41a7541\" data-element_type=\"container\" data-e-type=\"container\" data-settings=\"{&quot;background_background&quot;:&quot;classic&quot;}\">\n\t\t\t\t\t<div class=\"e-con-inner\">\n\t\t\t\t\t<\/div>\n\t\t\t\t<\/div>\n\t\t<div class=\"elementor-element elementor-element-35056a6 e-flex e-con-boxed e-con e-parent\" data-id=\"35056a6\" data-element_type=\"container\" data-e-type=\"container\" data-settings=\"{&quot;background_background&quot;:&quot;classic&quot;}\">\n\t\t\t\t\t<div class=\"e-con-inner\">\n\t\t\t\t<div class=\"elementor-element elementor-element-ac2e214 elementor-widget elementor-widget-heading\" data-id=\"ac2e214\" data-element_type=\"widget\" data-e-type=\"widget\" data-widget_type=\"heading.default\">\n\t\t\t\t<div class=\"elementor-widget-container\">\n\t\t\t\t\t<h2 class=\"elementor-heading-title elementor-size-default\">Nuestros servicios<\/h2>\t\t\t\t<\/div>\n\t\t\t\t<\/div>\n\t\t\t\t\t<\/div>\n\t\t\t\t<\/div>\n\t\t<div class=\"elementor-element elementor-element-537c512 e-flex e-con-boxed e-con e-parent\" data-id=\"537c512\" data-element_type=\"container\" data-e-type=\"container\" data-settings=\"{&quot;background_background&quot;:&quot;classic&quot;}\">\n\t\t\t\t\t<div class=\"e-con-inner\">\n\t\t<div class=\"elementor-element elementor-element-ea75059 e-con-full e-flex e-con e-child\" data-id=\"ea75059\" data-element_type=\"container\" data-e-type=\"container\" data-settings=\"{&quot;background_background&quot;:&quot;classic&quot;}\">\n\t\t\t\t<div class=\"elementor-element elementor-element-313dd73 elementor-widget elementor-widget-text-editor\" data-id=\"313dd73\" data-element_type=\"widget\" data-e-type=\"widget\" data-widget_type=\"text-editor.default\">\n\t\t\t\t<div class=\"elementor-widget-container\">\n\t\t\t\t\t\t\t\t\t<p><strong>Manicura<\/strong><\/p>\t\t\t\t\t\t\t\t<\/div>\n\t\t\t\t<\/div>\n\t\t\t\t<div class=\"elementor-element elementor-element-140bd93 elementor-widget elementor-widget-image\" data-id=\"140bd93\" data-element_type=\"widget\" data-e-type=\"widget\" data-widget_type=\"image.default\">\n\t\t\t\t<div class=\"elementor-widget-container\">\n\t\t\t\t\t\t\t\t\t\t\t\t\t\t\t<img fetchpriority=\"high\" decoding=\"async\" width=\"1080\" height=\"1920\" src=\"https:\/\/miira.es\/wp-content\/uploads\/2025\/03\/Miira_manicura_semipermanente.jpeg\" class=\"attachment-full size-full wp-image-335\" alt=\"\" srcset=\"https:\/\/miira.es\/wp-content\/uploads\/2025\/03\/Miira_manicura_semipermanente.jpeg 1080w, https:\/\/miira.es\/wp-content\/uploads\/2025\/03\/Miira_manicura_semipermanente-169x300.jpeg 169w, https:\/\/miira.es\/wp-content\/uploads\/2025\/03\/Miira_manicura_semipermanente-576x1024.jpeg 576w, https:\/\/miira.es\/wp-content\/uploads\/2025\/03\/Miira_manicura_semipermanente-768x1365.jpeg 768w, https:\/\/miira.es\/wp-content\/uploads\/2025\/03\/Miira_manicura_semipermanente-864x1536.jpeg 864w, https:\/\/miira.es\/wp-content\/uploads\/2025\/03\/Miira_manicura_semipermanente-7x12.jpeg 7w\" sizes=\"(max-width: 1080px) 100vw, 1080px\" \/>\t\t\t\t\t\t\t\t\t\t\t\t\t\t\t<\/div>\n\t\t\t\t<\/div>\n\t\t\t\t<div class=\"elementor-element elementor-element-f57d2ef elementor-widget elementor-widget-text-editor\" data-id=\"f57d2ef\" data-element_type=\"widget\" data-e-type=\"widget\" data-widget_type=\"text-editor.default\">\n\t\t\t\t<div class=\"elementor-widget-container\">\n\t\t\t\t\t\t\t\t\t<p>Cuida y embellece tus manos con cortes, limados, esmaltados y dise\u00f1os creativos que realzan tu estilo personal.<\/p>\t\t\t\t\t\t\t\t<\/div>\n\t\t\t\t<\/div>\n\t\t\t\t<\/div>\n\t\t<div class=\"elementor-element elementor-element-ad2cf2d e-con-full e-flex e-con e-child\" data-id=\"ad2cf2d\" data-element_type=\"container\" data-e-type=\"container\" data-settings=\"{&quot;background_background&quot;:&quot;classic&quot;}\">\n\t\t\t\t<div class=\"elementor-element elementor-element-fbcacff elementor-widget elementor-widget-text-editor\" data-id=\"fbcacff\" data-element_type=\"widget\" data-e-type=\"widget\" data-widget_type=\"text-editor.default\">\n\t\t\t\t<div class=\"elementor-widget-container\">\n\t\t\t\t\t\t\t\t\t<p><strong>Pedicura<\/strong><\/p>\t\t\t\t\t\t\t\t<\/div>\n\t\t\t\t<\/div>\n\t\t\t\t<div class=\"elementor-element elementor-element-ff7b416 elementor-widget elementor-widget-image\" data-id=\"ff7b416\" data-element_type=\"widget\" data-e-type=\"widget\" data-widget_type=\"image.default\">\n\t\t\t\t<div class=\"elementor-widget-container\">\n\t\t\t\t\t\t\t\t\t\t\t\t\t\t\t<img decoding=\"async\" width=\"1080\" height=\"1920\" src=\"https:\/\/miira.es\/wp-content\/uploads\/2025\/03\/Miira_pedicura_spa.jpeg\" class=\"attachment-full size-full wp-image-336\" alt=\"\" srcset=\"https:\/\/miira.es\/wp-content\/uploads\/2025\/03\/Miira_pedicura_spa.jpeg 1080w, https:\/\/miira.es\/wp-content\/uploads\/2025\/03\/Miira_pedicura_spa-169x300.jpeg 169w, https:\/\/miira.es\/wp-content\/uploads\/2025\/03\/Miira_pedicura_spa-576x1024.jpeg 576w, https:\/\/miira.es\/wp-content\/uploads\/2025\/03\/Miira_pedicura_spa-768x1365.jpeg 768w, https:\/\/miira.es\/wp-content\/uploads\/2025\/03\/Miira_pedicura_spa-864x1536.jpeg 864w, https:\/\/miira.es\/wp-content\/uploads\/2025\/03\/Miira_pedicura_spa-7x12.jpeg 7w\" sizes=\"(max-width: 1080px) 100vw, 1080px\" \/>\t\t\t\t\t\t\t\t\t\t\t\t\t\t\t<\/div>\n\t\t\t\t<\/div>\n\t\t\t\t<div class=\"elementor-element elementor-element-03e11e8 elementor-widget elementor-widget-text-editor\" data-id=\"03e11e8\" data-element_type=\"widget\" data-e-type=\"widget\" data-widget_type=\"text-editor.default\">\n\t\t\t\t<div class=\"elementor-widget-container\">\n\t\t\t\t\t\t\t\t\t<p>Dale a tus pies el cuidado que se merecen con tratamientos que incluyen exfoliaci\u00f3n, hidrataci\u00f3n y esmaltados duraderos, para unos pies suaves y radiantes.<\/p>\t\t\t\t\t\t\t\t<\/div>\n\t\t\t\t<\/div>\n\t\t\t\t<\/div>\n\t\t<div class=\"elementor-element elementor-element-44d417e e-con-full e-flex e-con e-child\" data-id=\"44d417e\" data-element_type=\"container\" data-e-type=\"container\" data-settings=\"{&quot;background_background&quot;:&quot;classic&quot;}\">\n\t\t\t\t<div class=\"elementor-element elementor-element-b6d446a elementor-widget elementor-widget-text-editor\" data-id=\"b6d446a\" data-element_type=\"widget\" data-e-type=\"widget\" data-widget_type=\"text-editor.default\">\n\t\t\t\t<div class=\"elementor-widget-container\">\n\t\t\t\t\t\t\t\t\t<p><strong>Depilacion facial<\/strong><\/p>\t\t\t\t\t\t\t\t<\/div>\n\t\t\t\t<\/div>\n\t\t\t\t<div class=\"elementor-element elementor-element-2dcadde elementor-widget elementor-widget-image\" data-id=\"2dcadde\" data-element_type=\"widget\" data-e-type=\"widget\" data-widget_type=\"image.default\">\n\t\t\t\t<div class=\"elementor-widget-container\">\n\t\t\t\t\t\t\t\t\t\t\t\t\t\t\t<img decoding=\"async\" width=\"1080\" height=\"1920\" src=\"https:\/\/miira.es\/wp-content\/uploads\/2025\/03\/Miira_depilacion_facial.jpeg\" class=\"attachment-full size-full wp-image-343\" alt=\"\" srcset=\"https:\/\/miira.es\/wp-content\/uploads\/2025\/03\/Miira_depilacion_facial.jpeg 1080w, https:\/\/miira.es\/wp-content\/uploads\/2025\/03\/Miira_depilacion_facial-169x300.jpeg 169w, https:\/\/miira.es\/wp-content\/uploads\/2025\/03\/Miira_depilacion_facial-576x1024.jpeg 576w, https:\/\/miira.es\/wp-content\/uploads\/2025\/03\/Miira_depilacion_facial-768x1365.jpeg 768w, https:\/\/miira.es\/wp-content\/uploads\/2025\/03\/Miira_depilacion_facial-864x1536.jpeg 864w, https:\/\/miira.es\/wp-content\/uploads\/2025\/03\/Miira_depilacion_facial-7x12.jpeg 7w\" sizes=\"(max-width: 1080px) 100vw, 1080px\" \/>\t\t\t\t\t\t\t\t\t\t\t\t\t\t\t<\/div>\n\t\t\t\t<\/div>\n\t\t\t\t<div class=\"elementor-element elementor-element-abc506e elementor-widget elementor-widget-text-editor\" data-id=\"abc506e\" data-element_type=\"widget\" data-e-type=\"widget\" data-widget_type=\"text-editor.default\">\n\t\t\t\t<div class=\"elementor-widget-container\">\n\t\t\t\t\t\t\t\t\t<p>Olv\u00eddate del vello no deseado con t\u00e9cnicas precisas y cuidadosas, adaptadas a tus necesidades para garantizarte comodidad y resultados impecables.<\/p>\t\t\t\t\t\t\t\t<\/div>\n\t\t\t\t<\/div>\n\t\t\t\t<\/div>\n\t\t<div class=\"elementor-element elementor-element-fb7d90b e-con-full e-flex e-con e-child\" data-id=\"fb7d90b\" data-element_type=\"container\" data-e-type=\"container\" data-settings=\"{&quot;background_background&quot;:&quot;classic&quot;}\">\n\t\t\t\t<div class=\"elementor-element elementor-element-580f30e elementor-widget elementor-widget-text-editor\" data-id=\"580f30e\" data-element_type=\"widget\" data-e-type=\"widget\" data-widget_type=\"text-editor.default\">\n\t\t\t\t<div class=\"elementor-widget-container\">\n\t\t\t\t\t\t\t\t\t<p><strong>Pesta\u00f1as<\/strong><\/p>\t\t\t\t\t\t\t\t<\/div>\n\t\t\t\t<\/div>\n\t\t\t\t<div class=\"elementor-element elementor-element-b455eb9 elementor-widget elementor-widget-image\" data-id=\"b455eb9\" data-element_type=\"widget\" data-e-type=\"widget\" data-widget_type=\"image.default\">\n\t\t\t\t<div class=\"elementor-widget-container\">\n\t\t\t\t\t\t\t\t\t\t\t\t\t\t\t<img loading=\"lazy\" decoding=\"async\" width=\"1080\" height=\"1920\" src=\"https:\/\/miira.es\/wp-content\/uploads\/2025\/03\/Miira_extensiones_pestanas.jpeg\" class=\"attachment-full size-full wp-image-354\" alt=\"\" srcset=\"https:\/\/miira.es\/wp-content\/uploads\/2025\/03\/Miira_extensiones_pestanas.jpeg 1080w, https:\/\/miira.es\/wp-content\/uploads\/2025\/03\/Miira_extensiones_pestanas-169x300.jpeg 169w, https:\/\/miira.es\/wp-content\/uploads\/2025\/03\/Miira_extensiones_pestanas-576x1024.jpeg 576w, https:\/\/miira.es\/wp-content\/uploads\/2025\/03\/Miira_extensiones_pestanas-768x1365.jpeg 768w, https:\/\/miira.es\/wp-content\/uploads\/2025\/03\/Miira_extensiones_pestanas-864x1536.jpeg 864w, https:\/\/miira.es\/wp-content\/uploads\/2025\/03\/Miira_extensiones_pestanas-7x12.jpeg 7w\" sizes=\"(max-width: 1080px) 100vw, 1080px\" \/>\t\t\t\t\t\t\t\t\t\t\t\t\t\t\t<\/div>\n\t\t\t\t<\/div>\n\t\t\t\t<div class=\"elementor-element elementor-element-edb5521 elementor-widget elementor-widget-text-editor\" data-id=\"edb5521\" data-element_type=\"widget\" data-e-type=\"widget\" data-widget_type=\"text-editor.default\">\n\t\t\t\t<div class=\"elementor-widget-container\">\n\t\t\t\t\t\t\t\t\t<p>Resalta tu mirada con servicios como extensiones, lifting o tintados, para un look natural y sofisticado que enmarca tu rostro.<\/p>\t\t\t\t\t\t\t\t<\/div>\n\t\t\t\t<\/div>\n\t\t\t\t<\/div>\n\t\t<div class=\"elementor-element elementor-element-e5eee6d e-con-full e-flex e-con e-child\" data-id=\"e5eee6d\" data-element_type=\"container\" data-e-type=\"container\" data-settings=\"{&quot;background_background&quot;:&quot;classic&quot;}\">\n\t\t\t\t<div class=\"elementor-element elementor-element-a980b4f elementor-widget elementor-widget-text-editor\" data-id=\"a980b4f\" data-element_type=\"widget\" data-e-type=\"widget\" data-widget_type=\"text-editor.default\">\n\t\t\t\t<div class=\"elementor-widget-container\">\n\t\t\t\t\t\t\t\t\t<p><strong>Cejas<\/strong><\/p>\t\t\t\t\t\t\t\t<\/div>\n\t\t\t\t<\/div>\n\t\t\t\t<div class=\"elementor-element elementor-element-3660603 elementor-widget elementor-widget-image\" data-id=\"3660603\" data-element_type=\"widget\" data-e-type=\"widget\" data-widget_type=\"image.default\">\n\t\t\t\t<div class=\"elementor-widget-container\">\n\t\t\t\t\t\t\t\t\t\t\t\t\t\t\t<img decoding=\"async\" src=\"https:\/\/miira.es\/wp-content\/uploads\/elementor\/thumbs\/cejas_miira-r2uh9m8t0d8ntb1axoe5zaeywxk41ti5s522tacp1g.jpg\" title=\"cejas_miira\" alt=\"cejas_miira\" loading=\"lazy\" \/>\t\t\t\t\t\t\t\t\t\t\t\t\t\t\t<\/div>\n\t\t\t\t<\/div>\n\t\t\t\t<div class=\"elementor-element elementor-element-0957751 elementor-widget elementor-widget-text-editor\" data-id=\"0957751\" data-element_type=\"widget\" data-e-type=\"widget\" data-widget_type=\"text-editor.default\">\n\t\t\t\t<div class=\"elementor-widget-container\">\n\t\t\t\t\t\t\t\t\t<p>Perfilamos y dise\u00f1amos tus cejas con t\u00e9cnicas como depilaci\u00f3n con cera, henna o micropigmentaci\u00f3n, logrando un aspecto definido y armonioso.<\/p>\t\t\t\t\t\t\t\t<\/div>\n\t\t\t\t<\/div>\n\t\t\t\t<\/div>\n\t\t<div class=\"elementor-element elementor-element-21741f4 e-con-full e-flex e-con e-child\" data-id=\"21741f4\" data-element_type=\"container\" data-e-type=\"container\" data-settings=\"{&quot;background_background&quot;:&quot;classic&quot;}\">\n\t\t\t\t<div class=\"elementor-element elementor-element-2e09cc8 elementor-widget elementor-widget-text-editor\" data-id=\"2e09cc8\" data-element_type=\"widget\" data-e-type=\"widget\" data-widget_type=\"text-editor.default\">\n\t\t\t\t<div class=\"elementor-widget-container\">\n\t\t\t\t\t\t\t\t\t<p><strong>Limpieza de cutis<\/strong><\/p>\t\t\t\t\t\t\t\t<\/div>\n\t\t\t\t<\/div>\n\t\t\t\t<div class=\"elementor-element elementor-element-9264759 elementor-widget elementor-widget-image\" data-id=\"9264759\" data-element_type=\"widget\" data-e-type=\"widget\" data-widget_type=\"image.default\">\n\t\t\t\t<div class=\"elementor-widget-container\">\n\t\t\t\t\t\t\t\t\t\t\t\t\t\t\t<img decoding=\"async\" src=\"https:\/\/miira.es\/wp-content\/uploads\/elementor\/thumbs\/limpieza_cutis_miira-r2uhhch17btj9vt5t0nqhc7eqzgrc86pie5sv6w5vo.jpg\" title=\"limpieza_cutis_miira\" alt=\"limpieza_cutis_miira\" loading=\"lazy\" \/>\t\t\t\t\t\t\t\t\t\t\t\t\t\t\t<\/div>\n\t\t\t\t<\/div>\n\t\t\t\t<div class=\"elementor-element elementor-element-bbafb45 elementor-widget elementor-widget-text-editor\" data-id=\"bbafb45\" data-element_type=\"widget\" data-e-type=\"widget\" data-widget_type=\"text-editor.default\">\n\t\t\t\t<div class=\"elementor-widget-container\">\n\t\t\t\t\t\t\t\t\t<p>Renueva y revitaliza tu piel con tratamientos profundos que eliminan impurezas, reducen imperfecciones y devuelven la luminosidad natural a tu rostro.<\/p>\t\t\t\t\t\t\t\t<\/div>\n\t\t\t\t<\/div>\n\t\t\t\t<\/div>\n\t\t\t\t\t<\/div>\n\t\t\t\t<\/div>\n\t\t\t\t<\/div>","protected":false},"excerpt":{"rendered":"<p>Nuestros servicios Manicura Cuida y embellece tus manos con cortes, limados, esmaltados y dise\u00f1os creativos que realzan tu estilo personal. Pedicura Dale a tus pies el cuidado que se merecen con tratamientos que incluyen exfoliaci\u00f3n, hidrataci\u00f3n y esmaltados duraderos, para unos pies suaves y radiantes. Depilacion facial Olv\u00eddate del vello no deseado con t\u00e9cnicas precisas [&hellip;]<\/p>\n","protected":false},"author":1,"featured_media":0,"parent":0,"menu_order":0,"comment_status":"closed","ping_status":"closed","template":"elementor_canvas","meta":{"footnotes":""},"class_list":["post-24","page","type-page","status-publish","hentry"],"yoast_head":"<!-- This site is optimized with the Yoast SEO plugin v27.5 - https:\/\/yoast.com\/product\/yoast-seo-wordpress\/ -->\n<title>Servicios - Miira estetica y manicura<\/title>\n<meta name=\"robots\" content=\"index, follow, max-snippet:-1, max-image-preview:large, max-video-preview:-1\" \/>\n<link rel=\"canonical\" href=\"https:\/\/miira.es\/eu\/servicios\/\" \/>\n<meta property=\"og:locale\" content=\"en_US\" \/>\n<meta property=\"og:type\" content=\"article\" \/>\n<meta property=\"og:title\" content=\"Servicios - Miira estetica y manicura\" \/>\n<meta property=\"og:description\" content=\"Nuestros servicios Manicura Cuida y embellece tus manos con cortes, limados, esmaltados y dise\u00f1os creativos que realzan tu estilo personal. Pedicura Dale a tus pies el cuidado que se merecen con tratamientos que incluyen exfoliaci\u00f3n, hidrataci\u00f3n y esmaltados duraderos, para unos pies suaves y radiantes. Depilacion facial Olv\u00eddate del vello no deseado con t\u00e9cnicas precisas [&hellip;]\" \/>\n<meta property=\"og:url\" content=\"https:\/\/miira.es\/eu\/servicios\/\" \/>\n<meta property=\"og:site_name\" content=\"Miira estetica y manicura\" \/>\n<meta property=\"article:modified_time\" content=\"2025-03-17T10:40:12+00:00\" \/>\n<meta property=\"og:image\" content=\"https:\/\/miira.es\/wp-content\/uploads\/2025\/03\/Miira_manicura_semipermanente.jpeg\" \/>\n<meta name=\"twitter:card\" content=\"summary_large_image\" \/>\n<meta name=\"twitter:label1\" content=\"Est. reading time\" \/>\n\t<meta name=\"twitter:data1\" content=\"2 minutua\" \/>\n<script type=\"application\/ld+json\" class=\"yoast-schema-graph\">{\"@context\":\"https:\\\/\\\/schema.org\",\"@graph\":[{\"@type\":\"WebPage\",\"@id\":\"https:\\\/\\\/miira.es\\\/servicios\\\/\",\"url\":\"https:\\\/\\\/miira.es\\\/servicios\\\/\",\"name\":\"Servicios - Miira estetica y manicura\",\"isPartOf\":{\"@id\":\"https:\\\/\\\/miira.es\\\/#website\"},\"primaryImageOfPage\":{\"@id\":\"https:\\\/\\\/miira.es\\\/servicios\\\/#primaryimage\"},\"image\":{\"@id\":\"https:\\\/\\\/miira.es\\\/servicios\\\/#primaryimage\"},\"thumbnailUrl\":\"https:\\\/\\\/miira.es\\\/wp-content\\\/uploads\\\/2025\\\/03\\\/Miira_manicura_semipermanente.jpeg\",\"datePublished\":\"2025-03-14T08:46:19+00:00\",\"dateModified\":\"2025-03-17T10:40:12+00:00\",\"breadcrumb\":{\"@id\":\"https:\\\/\\\/miira.es\\\/servicios\\\/#breadcrumb\"},\"inLanguage\":\"eu\",\"potentialAction\":[{\"@type\":\"ReadAction\",\"target\":[\"https:\\\/\\\/miira.es\\\/servicios\\\/\"]}]},{\"@type\":\"ImageObject\",\"inLanguage\":\"eu\",\"@id\":\"https:\\\/\\\/miira.es\\\/servicios\\\/#primaryimage\",\"url\":\"https:\\\/\\\/miira.es\\\/wp-content\\\/uploads\\\/2025\\\/03\\\/Miira_manicura_semipermanente.jpeg\",\"contentUrl\":\"https:\\\/\\\/miira.es\\\/wp-content\\\/uploads\\\/2025\\\/03\\\/Miira_manicura_semipermanente.jpeg\"},{\"@type\":\"BreadcrumbList\",\"@id\":\"https:\\\/\\\/miira.es\\\/servicios\\\/#breadcrumb\",\"itemListElement\":[{\"@type\":\"ListItem\",\"position\":1,\"name\":\"Portada\",\"item\":\"https:\\\/\\\/miira.es\\\/\"},{\"@type\":\"ListItem\",\"position\":2,\"name\":\"Servicios\"}]},{\"@type\":\"WebSite\",\"@id\":\"https:\\\/\\\/miira.es\\\/#website\",\"url\":\"https:\\\/\\\/miira.es\\\/\",\"name\":\"Miira estetica y manicura\",\"description\":\"Miira se crea con la idea de brindar un espacio c\u00f3modo y de confianza para todas las personas que deseen exaltar su belleza de forma natural.\",\"publisher\":{\"@id\":\"https:\\\/\\\/miira.es\\\/#organization\"},\"potentialAction\":[{\"@type\":\"SearchAction\",\"target\":{\"@type\":\"EntryPoint\",\"urlTemplate\":\"https:\\\/\\\/miira.es\\\/?s={search_term_string}\"},\"query-input\":{\"@type\":\"PropertyValueSpecification\",\"valueRequired\":true,\"valueName\":\"search_term_string\"}}],\"inLanguage\":\"eu\"},{\"@type\":\"Organization\",\"@id\":\"https:\\\/\\\/miira.es\\\/#organization\",\"name\":\"Miira estetica y manicura\",\"url\":\"https:\\\/\\\/miira.es\\\/\",\"logo\":{\"@type\":\"ImageObject\",\"inLanguage\":\"eu\",\"@id\":\"https:\\\/\\\/miira.es\\\/#\\\/schema\\\/logo\\\/image\\\/\",\"url\":\"https:\\\/\\\/miira.es\\\/wp-content\\\/uploads\\\/2025\\\/03\\\/cropped-miira-logo_Mesa-de-trabajo-1.png\",\"contentUrl\":\"https:\\\/\\\/miira.es\\\/wp-content\\\/uploads\\\/2025\\\/03\\\/cropped-miira-logo_Mesa-de-trabajo-1.png\",\"width\":1919,\"height\":1050,\"caption\":\"Miira estetica y manicura\"},\"image\":{\"@id\":\"https:\\\/\\\/miira.es\\\/#\\\/schema\\\/logo\\\/image\\\/\"}}]}<\/script>\n<!-- \/ Yoast SEO plugin. -->","yoast_head_json":{"title":"Servicios - Miira estetica y manicura","robots":{"index":"index","follow":"follow","max-snippet":"max-snippet:-1","max-image-preview":"max-image-preview:large","max-video-preview":"max-video-preview:-1"},"canonical":"https:\/\/miira.es\/eu\/servicios\/","og_locale":"en_US","og_type":"article","og_title":"Servicios - Miira estetica y manicura","og_description":"Nuestros servicios Manicura Cuida y embellece tus manos con cortes, limados, esmaltados y dise\u00f1os creativos que realzan tu estilo personal. Pedicura Dale a tus pies el cuidado que se merecen con tratamientos que incluyen exfoliaci\u00f3n, hidrataci\u00f3n y esmaltados duraderos, para unos pies suaves y radiantes. Depilacion facial Olv\u00eddate del vello no deseado con t\u00e9cnicas precisas [&hellip;]","og_url":"https:\/\/miira.es\/eu\/servicios\/","og_site_name":"Miira estetica y manicura","article_modified_time":"2025-03-17T10:40:12+00:00","og_image":[{"url":"https:\/\/miira.es\/wp-content\/uploads\/2025\/03\/Miira_manicura_semipermanente.jpeg","type":"","width":"","height":""}],"twitter_card":"summary_large_image","twitter_misc":{"Est. reading time":"2 minutua"},"schema":{"@context":"https:\/\/schema.org","@graph":[{"@type":"WebPage","@id":"https:\/\/miira.es\/servicios\/","url":"https:\/\/miira.es\/servicios\/","name":"Servicios - Miira estetica y manicura","isPartOf":{"@id":"https:\/\/miira.es\/#website"},"primaryImageOfPage":{"@id":"https:\/\/miira.es\/servicios\/#primaryimage"},"image":{"@id":"https:\/\/miira.es\/servicios\/#primaryimage"},"thumbnailUrl":"https:\/\/miira.es\/wp-content\/uploads\/2025\/03\/Miira_manicura_semipermanente.jpeg","datePublished":"2025-03-14T08:46:19+00:00","dateModified":"2025-03-17T10:40:12+00:00","breadcrumb":{"@id":"https:\/\/miira.es\/servicios\/#breadcrumb"},"inLanguage":"eu","potentialAction":[{"@type":"ReadAction","target":["https:\/\/miira.es\/servicios\/"]}]},{"@type":"ImageObject","inLanguage":"eu","@id":"https:\/\/miira.es\/servicios\/#primaryimage","url":"https:\/\/miira.es\/wp-content\/uploads\/2025\/03\/Miira_manicura_semipermanente.jpeg","contentUrl":"https:\/\/miira.es\/wp-content\/uploads\/2025\/03\/Miira_manicura_semipermanente.jpeg"},{"@type":"BreadcrumbList","@id":"https:\/\/miira.es\/servicios\/#breadcrumb","itemListElement":[{"@type":"ListItem","position":1,"name":"Portada","item":"https:\/\/miira.es\/"},{"@type":"ListItem","position":2,"name":"Servicios"}]},{"@type":"WebSite","@id":"https:\/\/miira.es\/#website","url":"https:\/\/miira.es\/","name":"Miira estetica y manicura","description":"Miira se crea con la idea de brindar un espacio c\u00f3modo y de confianza para todas las personas que deseen exaltar su belleza de forma natural.","publisher":{"@id":"https:\/\/miira.es\/#organization"},"potentialAction":[{"@type":"SearchAction","target":{"@type":"EntryPoint","urlTemplate":"https:\/\/miira.es\/?s={search_term_string}"},"query-input":{"@type":"PropertyValueSpecification","valueRequired":true,"valueName":"search_term_string"}}],"inLanguage":"eu"},{"@type":"Organization","@id":"https:\/\/miira.es\/#organization","name":"Miira estetica y manicura","url":"https:\/\/miira.es\/","logo":{"@type":"ImageObject","inLanguage":"eu","@id":"https:\/\/miira.es\/#\/schema\/logo\/image\/","url":"https:\/\/miira.es\/wp-content\/uploads\/2025\/03\/cropped-miira-logo_Mesa-de-trabajo-1.png","contentUrl":"https:\/\/miira.es\/wp-content\/uploads\/2025\/03\/cropped-miira-logo_Mesa-de-trabajo-1.png","width":1919,"height":1050,"caption":"Miira estetica y manicura"},"image":{"@id":"https:\/\/miira.es\/#\/schema\/logo\/image\/"}}]}},"_links":{"self":[{"href":"https:\/\/miira.es\/eu\/wp-json\/wp\/v2\/pages\/24","targetHints":{"allow":["GET"]}}],"collection":[{"href":"https:\/\/miira.es\/eu\/wp-json\/wp\/v2\/pages"}],"about":[{"href":"https:\/\/miira.es\/eu\/wp-json\/wp\/v2\/types\/page"}],"author":[{"embeddable":true,"href":"https:\/\/miira.es\/eu\/wp-json\/wp\/v2\/users\/1"}],"replies":[{"embeddable":true,"href":"https:\/\/miira.es\/eu\/wp-json\/wp\/v2\/comments?post=24"}],"version-history":[{"count":85,"href":"https:\/\/miira.es\/eu\/wp-json\/wp\/v2\/pages\/24\/revisions"}],"predecessor-version":[{"id":718,"href":"https:\/\/miira.es\/eu\/wp-json\/wp\/v2\/pages\/24\/revisions\/718"}],"wp:attachment":[{"href":"https:\/\/miira.es\/eu\/wp-json\/wp\/v2\/media?parent=24"}],"curies":[{"name":"wp","href":"https:\/\/api.w.org\/{rel}","templated":true}]}}